{"id":341,"date":"2015-03-27T13:06:53","date_gmt":"2015-03-27T13:06:53","guid":{"rendered":"http:\/\/gt3-wp-bradford\/?page_id=341"},"modified":"2019-01-28T12:49:15","modified_gmt":"2019-01-28T12:49:15","slug":"striped","status":"publish","type":"page","link":"https:\/\/www.wick.ch\/","title":{"rendered":"Striped"},"content":{"rendered":"<p>&lt;head&gt;<\/p>\n<p>&lt;title&gt;Willkommen!&nbsp;&nbsp;Auf meiner Homepage finden Sie Bilder aus der Natur. Aus der ganzen Welt,&nbsp;der Schweiz und&nbsp;vor allem&nbsp;der Ostschweiz.&lt;\/title&gt; &lt;meta name=&#8220;description&#8220; content=&#8220;Gem\u00e4lde in Acryl und \u00d6l. Realistische Malerei.&#8220;&gt; &lt;meta name=&#8220;keywords&#8220; content=&#8220;Bilder, Gem\u00e4lde, Thurgau, Schweiz, \u00d6l&#8220;&gt; &lt;\/head&gt;<\/p>\n<p>&nbsp;<\/p>\n<p>&nbsp;<\/p>\n","protected":false},"excerpt":{"rendered":"<p>&lt;head&gt; &lt;title&gt;Willkommen!&nbsp;&nbsp;Auf meiner Homepage finden Sie Bilder aus der Natur. Aus der ganzen Welt,&nbsp;der Schweiz und&nbsp;vor allem&nbsp;der Ostschweiz.&lt;\/title&gt; &lt;meta name=&#8220;description&#8220; content=&#8220;Gem\u00e4lde in Acryl und \u00d6l. Realistische Malerei.&#8220;&gt; &lt;meta name=&#8220;keywords&#8220; content=&#8220;Bilder, Gem\u00e4lde, Thurgau, Schweiz, \u00d6l&#8220;&gt; &lt;\/head&gt; &nbsp; &nbsp;<\/p>\n","protected":false},"author":1,"featured_media":0,"parent":0,"menu_order":0,"comment_status":"open","ping_status":"closed","template":"page-strip.php","meta":[],"_links":{"self":[{"href":"https:\/\/www.wick.ch\/index.php?rest_route=\/wp\/v2\/pages\/341"}],"collection":[{"href":"https:\/\/www.wick.ch\/index.php?rest_route=\/wp\/v2\/pages"}],"about":[{"href":"https:\/\/www.wick.ch\/index.php?rest_route=\/wp\/v2\/types\/page"}],"author":[{"embeddable":true,"href":"https:\/\/www.wick.ch\/index.php?rest_route=\/wp\/v2\/users\/1"}],"replies":[{"embeddable":true,"href":"https:\/\/www.wick.ch\/index.php?rest_route=%2Fwp%2Fv2%2Fcomments&post=341"}],"version-history":[{"count":5,"href":"https:\/\/www.wick.ch\/index.php?rest_route=\/wp\/v2\/pages\/341\/revisions"}],"predecessor-version":[{"id":1386,"href":"https:\/\/www.wick.ch\/index.php?rest_route=\/wp\/v2\/pages\/341\/revisions\/1386"}],"wp:attachment":[{"href":"https:\/\/www.wick.ch\/index.php?rest_route=%2Fwp%2Fv2%2Fmedia&parent=341"}],"curies":[{"name":"wp","href":"https:\/\/api.w.org\/{rel}","templated":true}]}}